{"id":295,"date":"2025-06-11T19:45:08","date_gmt":"2025-06-11T22:45:08","guid":{"rendered":"http:\/\/passearemnatal.com\/index.php\/passeios-2\/"},"modified":"2025-07-08T21:33:35","modified_gmt":"2025-07-09T00:33:35","slug":"passeios-2","status":"publish","type":"page","link":"https:\/\/passearemnatal.com\/","title":{"rendered":"Passeios"},"content":{"rendered":"\t\t<div data-elementor-type=\"wp-page\" data-elementor-id=\"295\" class=\"elementor elementor-295\">\n\t\t\t\t<div class=\"elementor-element elementor-element-6113883c e-con-full e-flex wpr-particle-no wpr-jarallax-no wpr-parallax-no wpr-sticky-section-no e-con e-parent\" data-id=\"6113883c\" data-element_type=\"container\">\n\t\t\t\t<div class=\"elementor-element elementor-element-137ba04e elementor-fixed scroll-rotate-object animated-slow elementor-invisible elementor-widget elementor-widget-image\" data-id=\"137ba04e\" data-element_type=\"widget\" data-settings=\"{&quot;_position&quot;:&quot;fixed&quot;,&quot;_animation&quot;:&quot;slideInLeft&quot;}\" data-widget_type=\"image.default\">\n\t\t\t\t<div class=\"elementor-widget-container\">\n\t\t\t\t\t\t\t\t\t\t\t\t\t\t\t<img fetchpriority=\"high\" decoding=\"async\" width=\"467\" height=\"292\" src=\"https:\/\/passearemnatal.com\/wp-content\/uploads\/2025\/07\/buggy.png\" class=\"attachment-full size-full wp-image-744\" alt=\"\" srcset=\"https:\/\/passearemnatal.com\/wp-content\/uploads\/2025\/07\/buggy.png 467w, https:\/\/passearemnatal.com\/wp-content\/uploads\/2025\/07\/buggy-300x188.png 300w\" sizes=\"(max-width: 467px) 100vw, 467px\" \/>\t\t\t\t\t\t\t\t\t\t\t\t\t\t\t<\/div>\n\t\t\t\t<\/div>\n\t\t\t\t<div class=\"elementor-element elementor-element-6c6ae2fe elementor-hidden-desktop elementor-hidden-tablet elementor-hidden-mobile elementor-widget elementor-widget-html\" data-id=\"6c6ae2fe\" data-element_type=\"widget\" data-widget_type=\"html.default\">\n\t\t\t\t<div class=\"elementor-widget-container\">\n\t\t\t\t\t<style>\r\n.scroll-rotate-object {\r\n  transition: transform 0.5s ease-in-out;\r\n}\r\n\r\nfooter {\r\n  margin: 0 !important;\r\n  padding: 0 !important;\r\n}\r\n.site-footer {\r\n  display: none;\r\n\r\n<\/style>\r\n\r\n<script>\r\ndocument.addEventListener(\"DOMContentLoaded\", function () {\r\n  let rotation = 0;\r\n  let hasScrolled = false;\r\n  let lastScroll = window.pageYOffset || document.documentElement.scrollTop;\r\n  let lastDirection = null;\r\n\r\n  function rotate(deg) {\r\n    rotation += deg;\r\n    document.querySelectorAll('.scroll-rotate-object').forEach(el => {\r\n      el.style.transform = `rotate(${rotation}deg)`;\r\n    });\r\n  }\r\n\r\n  window.addEventListener(\"scroll\", () => {\r\n    const currentScroll = window.pageYOffset || document.documentElement.scrollTop;\r\n    let direction = null;\r\n\r\n    if (currentScroll > lastScroll) {\r\n      direction = \"down\";\r\n    } else if (currentScroll < lastScroll) {\r\n      direction = \"up\";\r\n    }\r\n\r\n    \/\/ Primeira rolagem\r\n    if (!hasScrolled && direction) {\r\n      hasScrolled = true;\r\n      if (direction === \"up\") {\r\n        rotate(-90); \/\/ anti-hor\u00e1rio\r\n      } else {\r\n        rotate(90); \/\/ hor\u00e1rio\r\n      }\r\n    }\r\n\r\n    \/\/ Mudan\u00e7a de dire\u00e7\u00e3o ap\u00f3s primeira rolagem\r\n    if (\r\n      hasScrolled &&\r\n      direction &&\r\n      lastDirection &&\r\n      direction !== lastDirection\r\n    ) {\r\n      rotate(180);\r\n    }\r\n\r\n    if (direction) {\r\n      lastDirection = direction;\r\n    }\r\n\r\n    lastScroll = currentScroll <= 0 ? 0 : currentScroll;\r\n  });\r\n});\r\n<\/script>\r\n\t\t\t\t<\/div>\n\t\t\t\t<\/div>\n\t\t\t\t<\/div>\n\t\t<div class=\"elementor-element elementor-element-4d11a45e e-con-full e-flex wpr-particle-no wpr-jarallax-no wpr-parallax-no wpr-sticky-section-no e-con e-parent\" data-id=\"4d11a45e\" data-element_type=\"container\" data-settings=\"{&quot;background_background&quot;:&quot;slideshow&quot;,&quot;background_slideshow_gallery&quot;:[{&quot;id&quot;:336,&quot;url&quot;:&quot;http:\\\/\\\/passearemnatal.com\\\/wp-content\\\/uploads\\\/2025\\\/06\\\/GX01.jpg&quot;},{&quot;id&quot;:337,&quot;url&quot;:&quot;http:\\\/\\\/passearemnatal.com\\\/wp-content\\\/uploads\\\/2025\\\/06\\\/GX02.jpg&quot;}],&quot;background_slideshow_slide_duration&quot;:3000,&quot;background_slideshow_transition_duration&quot;:5000,&quot;background_slideshow_loop&quot;:&quot;yes&quot;,&quot;background_slideshow_slide_transition&quot;:&quot;fade&quot;}\">\n\t\t<div class=\"elementor-element elementor-element-237b7dc1 e-con-full e-flex wpr-particle-no wpr-jarallax-no wpr-parallax-no wpr-sticky-section-no e-con e-child\" data-id=\"237b7dc1\" data-element_type=\"container\">\n\t\t\t\t<div class=\"elementor-element elementor-element-70f2fc95 elementor-widget elementor-widget-image\" data-id=\"70f2fc95\" data-element_type=\"widget\" data-widget_type=\"image.default\">\n\t\t\t\t<div class=\"elementor-widget-container\">\n\t\t\t\t\t\t\t\t\t\t\t\t\t\t\t<img decoding=\"async\" width=\"455\" height=\"476\" src=\"https:\/\/passearemnatal.com\/wp-content\/uploads\/2025\/07\/palmeira.png\" class=\"attachment-full size-full wp-image-745\" alt=\"\" srcset=\"https:\/\/passearemnatal.com\/wp-content\/uploads\/2025\/07\/palmeira.png 455w, https:\/\/passearemnatal.com\/wp-content\/uploads\/2025\/07\/palmeira-287x300.png 287w\" sizes=\"(max-width: 455px) 100vw, 455px\" \/>\t\t\t\t\t\t\t\t\t\t\t\t\t\t\t<\/div>\n\t\t\t\t<\/div>\n\t\t\t\t<div class=\"elementor-element elementor-element-a7a48cc e-transform elementor-widget elementor-widget-image\" data-id=\"a7a48cc\" data-element_type=\"widget\" id=\"centro\" data-settings=\"{&quot;_transform_flipY_effect&quot;:&quot;transform&quot;}\" data-widget_type=\"image.default\">\n\t\t\t\t<div class=\"elementor-widget-container\">\n\t\t\t\t\t\t\t\t\t\t\t\t\t\t\t<img decoding=\"async\" width=\"455\" height=\"476\" src=\"https:\/\/passearemnatal.com\/wp-content\/uploads\/2025\/07\/palmeira.png\" class=\"attachment-full size-full wp-image-745\" alt=\"\" srcset=\"https:\/\/passearemnatal.com\/wp-content\/uploads\/2025\/07\/palmeira.png 455w, https:\/\/passearemnatal.com\/wp-content\/uploads\/2025\/07\/palmeira-287x300.png 287w\" sizes=\"(max-width: 455px) 100vw, 455px\" \/>\t\t\t\t\t\t\t\t\t\t\t\t\t\t\t<\/div>\n\t\t\t\t<\/div>\n\t\t\t\t<div class=\"elementor-element elementor-element-1503414 elementor-invisible elementor-widget elementor-widget-image\" data-id=\"1503414\" data-element_type=\"widget\" data-settings=\"{&quot;_animation&quot;:&quot;bounceInUp&quot;}\" data-widget_type=\"image.default\">\n\t\t\t\t<div class=\"elementor-widget-container\">\n\t\t\t\t\t\t\t\t\t\t\t\t\t\t\t\t<a href=\"https:\/\/passearemnatal.com\/index.php\/litoral-norte\/\">\n\t\t\t\t\t\t\t<img decoding=\"async\" width=\"453\" height=\"533\" src=\"https:\/\/passearemnatal.com\/wp-content\/uploads\/2025\/07\/placa_LN.png\" class=\"elementor-animation-bounce-in attachment-full size-full wp-image-746\" alt=\"\" srcset=\"https:\/\/passearemnatal.com\/wp-content\/uploads\/2025\/07\/placa_LN.png 453w, https:\/\/passearemnatal.com\/wp-content\/uploads\/2025\/07\/placa_LN-255x300.png 255w\" sizes=\"(max-width: 453px) 100vw, 453px\" \/>\t\t\t\t\t\t\t\t<\/a>\n\t\t\t\t\t\t\t\t\t\t\t\t\t\t\t<\/div>\n\t\t\t\t<\/div>\n\t\t\t\t<div class=\"elementor-element elementor-element-578d089a elementor-widget elementor-widget-image\" data-id=\"578d089a\" data-element_type=\"widget\" data-widget_type=\"image.default\">\n\t\t\t\t<div class=\"elementor-widget-container\">\n\t\t\t\t\t\t\t\t\t\t\t\t\t\t\t<img loading=\"lazy\" decoding=\"async\" width=\"621\" height=\"602\" src=\"https:\/\/passearemnatal.com\/wp-content\/uploads\/2025\/07\/quiosque.png\" class=\"attachment-full size-full wp-image-747\" alt=\"\" srcset=\"https:\/\/passearemnatal.com\/wp-content\/uploads\/2025\/07\/quiosque.png 621w, https:\/\/passearemnatal.com\/wp-content\/uploads\/2025\/07\/quiosque-300x291.png 300w\" sizes=\"(max-width: 621px) 100vw, 621px\" \/>\t\t\t\t\t\t\t\t\t\t\t\t\t\t\t<\/div>\n\t\t\t\t<\/div>\n\t\t\t\t<div class=\"elementor-element elementor-element-287c567b elementor-invisible elementor-widget elementor-widget-image\" data-id=\"287c567b\" data-element_type=\"widget\" data-settings=\"{&quot;_animation&quot;:&quot;slideInLeft&quot;}\" data-widget_type=\"image.default\">\n\t\t\t\t<div class=\"elementor-widget-container\">\n\t\t\t\t\t\t\t\t\t\t\t\t\t\t\t\t<a href=\"https:\/\/passearemnatal.com\/index.php\/roteiro-das-aguas\/\">\n\t\t\t\t\t\t\t<img loading=\"lazy\" decoding=\"async\" width=\"453\" height=\"533\" src=\"https:\/\/passearemnatal.com\/wp-content\/uploads\/2025\/07\/placa_LN2.png\" class=\"elementor-animation-bounce-in attachment-full size-full wp-image-748\" alt=\"\" srcset=\"https:\/\/passearemnatal.com\/wp-content\/uploads\/2025\/07\/placa_LN2.png 453w, https:\/\/passearemnatal.com\/wp-content\/uploads\/2025\/07\/placa_LN2-255x300.png 255w\" sizes=\"(max-width: 453px) 100vw, 453px\" \/>\t\t\t\t\t\t\t\t<\/a>\n\t\t\t\t\t\t\t\t\t\t\t\t\t\t\t<\/div>\n\t\t\t\t<\/div>\n\t\t\t\t<div class=\"elementor-element elementor-element-5580e602 elementor-invisible elementor-widget elementor-widget-image\" data-id=\"5580e602\" data-element_type=\"widget\" data-settings=\"{&quot;_animation&quot;:&quot;slideInRight&quot;}\" data-widget_type=\"image.default\">\n\t\t\t\t<div class=\"elementor-widget-container\">\n\t\t\t\t\t\t\t\t\t\t\t\t\t\t\t\t<a href=\"https:\/\/passearemnatal.com\/index.php\/litoral-sul\/\">\n\t\t\t\t\t\t\t<img loading=\"lazy\" decoding=\"async\" width=\"453\" height=\"533\" src=\"https:\/\/passearemnatal.com\/wp-content\/uploads\/2025\/07\/placa_LN3.png\" class=\"elementor-animation-bounce-in attachment-full size-full wp-image-749\" alt=\"\" srcset=\"https:\/\/passearemnatal.com\/wp-content\/uploads\/2025\/07\/placa_LN3.png 453w, https:\/\/passearemnatal.com\/wp-content\/uploads\/2025\/07\/placa_LN3-255x300.png 255w\" sizes=\"(max-width: 453px) 100vw, 453px\" \/>\t\t\t\t\t\t\t\t<\/a>\n\t\t\t\t\t\t\t\t\t\t\t\t\t\t\t<\/div>\n\t\t\t\t<\/div>\n\t\t\t\t<\/div>\n\t\t\t\t<\/div>\n\t\t<div class=\"elementor-element elementor-element-4579fe7a e-con-full e-flex wpr-particle-no wpr-jarallax-no wpr-parallax-no wpr-sticky-section-no e-con e-parent\" data-id=\"4579fe7a\" data-element_type=\"container\" data-settings=\"{&quot;background_background&quot;:&quot;classic&quot;}\">\n\t\t\t\t<div class=\"elementor-element elementor-element-7ce3174 elementor-widget elementor-widget-image\" data-id=\"7ce3174\" data-element_type=\"widget\" data-widget_type=\"image.default\">\n\t\t\t\t<div class=\"elementor-widget-container\">\n\t\t\t\t\t\t\t\t\t\t\t\t\t\t\t\t<a href=\"https:\/\/www.digiacomo.com.br\" target=\"_blank\">\n\t\t\t\t\t\t\t<img loading=\"lazy\" decoding=\"async\" width=\"160\" height=\"40\" src=\"https:\/\/passearemnatal.com\/wp-content\/uploads\/2025\/06\/desenvolvimento2.png\" class=\"attachment-large size-large wp-image-7\" alt=\"\" \/>\t\t\t\t\t\t\t\t<\/a>\n\t\t\t\t\t\t\t\t\t\t\t\t\t\t\t<\/div>\n\t\t\t\t<\/div>\n\t\t\t\t<\/div>\n\t\t\t\t<\/div>\n\t\t","protected":false},"excerpt":{"rendered":"","protected":false},"author":1,"featured_media":0,"parent":0,"menu_order":0,"comment_status":"closed","ping_status":"closed","template":"","meta":{"footnotes":""},"class_list":["post-295","page","type-page","status-publish","hentry"],"yoast_head":"<!-- This site is optimized with the Yoast SEO plugin v25.4 - https:\/\/yoast.com\/wordpress\/plugins\/seo\/ -->\n<title>Passeios - Passear em Natal<\/title>\n<meta name=\"robots\" content=\"index, follow, max-snippet:-1, max-image-preview:large, max-video-preview:-1\" \/>\n<link rel=\"canonical\" href=\"https:\/\/passearemnatal.com\/\" \/>\n<meta property=\"og:locale\" content=\"pt_BR\" \/>\n<meta property=\"og:type\" content=\"article\" \/>\n<meta property=\"og:title\" content=\"Passeios - Passear em Natal\" \/>\n<meta property=\"og:url\" content=\"https:\/\/passearemnatal.com\/\" \/>\n<meta property=\"og:site_name\" content=\"Passear em Natal\" \/>\n<meta property=\"article:modified_time\" content=\"2025-07-09T00:33:35+00:00\" \/>\n<meta property=\"og:image\" content=\"http:\/\/passearemnatal.com\/wp-content\/uploads\/2025\/07\/buggy.png\" \/>\n<meta name=\"twitter:card\" content=\"summary_large_image\" \/>\n<meta name=\"twitter:label1\" content=\"Est. tempo de leitura\" \/>\n\t<meta name=\"twitter:data1\" content=\"2 minutos\" \/>\n<script type=\"application\/ld+json\" class=\"yoast-schema-graph\">{\"@context\":\"https:\/\/schema.org\",\"@graph\":[{\"@type\":\"WebPage\",\"@id\":\"https:\/\/passearemnatal.com\/\",\"url\":\"https:\/\/passearemnatal.com\/\",\"name\":\"Passeios - Passear em Natal\",\"isPartOf\":{\"@id\":\"https:\/\/passearemnatal.com\/#website\"},\"primaryImageOfPage\":{\"@id\":\"https:\/\/passearemnatal.com\/#primaryimage\"},\"image\":{\"@id\":\"https:\/\/passearemnatal.com\/#primaryimage\"},\"thumbnailUrl\":\"http:\/\/passearemnatal.com\/wp-content\/uploads\/2025\/07\/buggy.png\",\"datePublished\":\"2025-06-11T22:45:08+00:00\",\"dateModified\":\"2025-07-09T00:33:35+00:00\",\"breadcrumb\":{\"@id\":\"https:\/\/passearemnatal.com\/#breadcrumb\"},\"inLanguage\":\"pt-BR\",\"potentialAction\":[{\"@type\":\"ReadAction\",\"target\":[\"https:\/\/passearemnatal.com\/\"]}]},{\"@type\":\"ImageObject\",\"inLanguage\":\"pt-BR\",\"@id\":\"https:\/\/passearemnatal.com\/#primaryimage\",\"url\":\"https:\/\/passearemnatal.com\/wp-content\/uploads\/2025\/07\/buggy.png\",\"contentUrl\":\"https:\/\/passearemnatal.com\/wp-content\/uploads\/2025\/07\/buggy.png\",\"width\":467,\"height\":292},{\"@type\":\"BreadcrumbList\",\"@id\":\"https:\/\/passearemnatal.com\/#breadcrumb\",\"itemListElement\":[{\"@type\":\"ListItem\",\"position\":1,\"name\":\"In\u00edcio\",\"item\":\"https:\/\/passearemnatal.com\/\"},{\"@type\":\"ListItem\",\"position\":2,\"name\":\"Passeios\"}]},{\"@type\":\"WebSite\",\"@id\":\"https:\/\/passearemnatal.com\/#website\",\"url\":\"https:\/\/passearemnatal.com\/\",\"name\":\"Passear em Natal\",\"description\":\"Roteiros de Buggy pelo Litoral e Lagoas\",\"publisher\":{\"@id\":\"https:\/\/passearemnatal.com\/#organization\"},\"potentialAction\":[{\"@type\":\"SearchAction\",\"target\":{\"@type\":\"EntryPoint\",\"urlTemplate\":\"https:\/\/passearemnatal.com\/?s={search_term_string}\"},\"query-input\":{\"@type\":\"PropertyValueSpecification\",\"valueRequired\":true,\"valueName\":\"search_term_string\"}}],\"inLanguage\":\"pt-BR\"},{\"@type\":\"Organization\",\"@id\":\"https:\/\/passearemnatal.com\/#organization\",\"name\":\"Passeios de Buggy pelo litoral, lagoas e pontos tur\u00edsticos do Rio Grande do Norte\",\"url\":\"https:\/\/passearemnatal.com\/\",\"logo\":{\"@type\":\"ImageObject\",\"inLanguage\":\"pt-BR\",\"@id\":\"https:\/\/passearemnatal.com\/#\/schema\/logo\/image\/\",\"url\":\"https:\/\/passearemnatal.com\/wp-content\/uploads\/2025\/06\/logo_site.png\",\"contentUrl\":\"https:\/\/passearemnatal.com\/wp-content\/uploads\/2025\/06\/logo_site.png\",\"width\":350,\"height\":100,\"caption\":\"Passeios de Buggy pelo litoral, lagoas e pontos tur\u00edsticos do Rio Grande do Norte\"},\"image\":{\"@id\":\"https:\/\/passearemnatal.com\/#\/schema\/logo\/image\/\"}}]}<\/script>\n<!-- \/ Yoast SEO plugin. -->","yoast_head_json":{"title":"Passeios - Passear em Natal","robots":{"index":"index","follow":"follow","max-snippet":"max-snippet:-1","max-image-preview":"max-image-preview:large","max-video-preview":"max-video-preview:-1"},"canonical":"https:\/\/passearemnatal.com\/","og_locale":"pt_BR","og_type":"article","og_title":"Passeios - Passear em Natal","og_url":"https:\/\/passearemnatal.com\/","og_site_name":"Passear em Natal","article_modified_time":"2025-07-09T00:33:35+00:00","og_image":[{"url":"http:\/\/passearemnatal.com\/wp-content\/uploads\/2025\/07\/buggy.png","type":"","width":"","height":""}],"twitter_card":"summary_large_image","twitter_misc":{"Est. tempo de leitura":"2 minutos"},"schema":{"@context":"https:\/\/schema.org","@graph":[{"@type":"WebPage","@id":"https:\/\/passearemnatal.com\/","url":"https:\/\/passearemnatal.com\/","name":"Passeios - Passear em Natal","isPartOf":{"@id":"https:\/\/passearemnatal.com\/#website"},"primaryImageOfPage":{"@id":"https:\/\/passearemnatal.com\/#primaryimage"},"image":{"@id":"https:\/\/passearemnatal.com\/#primaryimage"},"thumbnailUrl":"http:\/\/passearemnatal.com\/wp-content\/uploads\/2025\/07\/buggy.png","datePublished":"2025-06-11T22:45:08+00:00","dateModified":"2025-07-09T00:33:35+00:00","breadcrumb":{"@id":"https:\/\/passearemnatal.com\/#breadcrumb"},"inLanguage":"pt-BR","potentialAction":[{"@type":"ReadAction","target":["https:\/\/passearemnatal.com\/"]}]},{"@type":"ImageObject","inLanguage":"pt-BR","@id":"https:\/\/passearemnatal.com\/#primaryimage","url":"https:\/\/passearemnatal.com\/wp-content\/uploads\/2025\/07\/buggy.png","contentUrl":"https:\/\/passearemnatal.com\/wp-content\/uploads\/2025\/07\/buggy.png","width":467,"height":292},{"@type":"BreadcrumbList","@id":"https:\/\/passearemnatal.com\/#breadcrumb","itemListElement":[{"@type":"ListItem","position":1,"name":"In\u00edcio","item":"https:\/\/passearemnatal.com\/"},{"@type":"ListItem","position":2,"name":"Passeios"}]},{"@type":"WebSite","@id":"https:\/\/passearemnatal.com\/#website","url":"https:\/\/passearemnatal.com\/","name":"Passear em Natal","description":"Roteiros de Buggy pelo Litoral e Lagoas","publisher":{"@id":"https:\/\/passearemnatal.com\/#organization"},"potentialAction":[{"@type":"SearchAction","target":{"@type":"EntryPoint","urlTemplate":"https:\/\/passearemnatal.com\/?s={search_term_string}"},"query-input":{"@type":"PropertyValueSpecification","valueRequired":true,"valueName":"search_term_string"}}],"inLanguage":"pt-BR"},{"@type":"Organization","@id":"https:\/\/passearemnatal.com\/#organization","name":"Passeios de Buggy pelo litoral, lagoas e pontos tur\u00edsticos do Rio Grande do Norte","url":"https:\/\/passearemnatal.com\/","logo":{"@type":"ImageObject","inLanguage":"pt-BR","@id":"https:\/\/passearemnatal.com\/#\/schema\/logo\/image\/","url":"https:\/\/passearemnatal.com\/wp-content\/uploads\/2025\/06\/logo_site.png","contentUrl":"https:\/\/passearemnatal.com\/wp-content\/uploads\/2025\/06\/logo_site.png","width":350,"height":100,"caption":"Passeios de Buggy pelo litoral, lagoas e pontos tur\u00edsticos do Rio Grande do Norte"},"image":{"@id":"https:\/\/passearemnatal.com\/#\/schema\/logo\/image\/"}}]}},"_links":{"self":[{"href":"https:\/\/passearemnatal.com\/index.php\/wp-json\/wp\/v2\/pages\/295","targetHints":{"allow":["GET"]}}],"collection":[{"href":"https:\/\/passearemnatal.com\/index.php\/wp-json\/wp\/v2\/pages"}],"about":[{"href":"https:\/\/passearemnatal.com\/index.php\/wp-json\/wp\/v2\/types\/page"}],"author":[{"embeddable":true,"href":"https:\/\/passearemnatal.com\/index.php\/wp-json\/wp\/v2\/users\/1"}],"replies":[{"embeddable":true,"href":"https:\/\/passearemnatal.com\/index.php\/wp-json\/wp\/v2\/comments?post=295"}],"version-history":[{"count":40,"href":"https:\/\/passearemnatal.com\/index.php\/wp-json\/wp\/v2\/pages\/295\/revisions"}],"predecessor-version":[{"id":752,"href":"https:\/\/passearemnatal.com\/index.php\/wp-json\/wp\/v2\/pages\/295\/revisions\/752"}],"wp:attachment":[{"href":"https:\/\/passearemnatal.com\/index.php\/wp-json\/wp\/v2\/media?parent=295"}],"curies":[{"name":"wp","href":"https:\/\/api.w.org\/{rel}","templated":true}]}}